{"id":11388,"date":"2021-09-30T14:24:56","date_gmt":"2021-09-30T14:24:56","guid":{"rendered":"https:\/\/islandapadvanced.ulpgc.es\/?page_id=11388"},"modified":"2021-10-08T07:33:15","modified_gmt":"2021-10-08T07:33:15","slug":"aviso-legal","status":"publish","type":"page","link":"https:\/\/islandapadvanced.ulpgc.es\/pt\/aviso-legal\/","title":{"rendered":"Aviso Legal"},"content":{"rendered":"<div class=\"wpb-content-wrapper\"><p>[vc_row full_width=&#8221;stretch_row&#8221; parallax=&#8221;content-moving&#8221; parallax_speed_bg=&#8221;1.3&#8243; kd_background_image_position=&#8221;vc_row-bg-position-top&#8221; kd_bottom_separator_style=&#8221;waves&#8221; kd_bottom_separator_height=&#8221;separator-height-medium&#8221; kd_bottom_separator=&#8221;true&#8221; css=&#8221;.vc_custom_1627058615612{padding-top: 200px !important;padding-bottom: 200px !important;background-image: url(https:\/\/islandapadvanced.ulpgc.es\/wp-content\/uploads\/2021\/07\/cabecera14.jpg?id=10739) !important;}&#8221; el_class=&#8221;intro-section&#8221; css_mobile=&#8221;.vc_custom_1627058615615{padding-top: 100px !important;padding-bottom: 150px !important;}&#8221; css_tablet_portrait=&#8221;.vc_custom_1627058615615{padding-top: 200px !important;padding-bottom: 250px !important;}&#8221; kd_bottom_separator_bg=&#8221;#c6d4d5&#8243;][vc_column][vc_row_inner kd_background_image_position=&#8221;vc_row-bg-position-top&#8221;][vc_column_inner]<header class=\"kd-section-title col-lg-12 text-center  subtitle-below-title kd-animated fadeIn   vc_custom_1633012710544\" data-animation-delay=200><h1 class=\"separator_off\" style=\"color: #ffffff;font-size: 52px;line-height: 68px;margin-bottom:30px;\">Aviso Legal<\/h1><h6 class=\"subtitle\" style=\"color: rgba(255,255,255,0.8);\">Islandap Advanced<\/h6><\/header>[\/vc_column_inner][\/vc_row_inner][\/vc_column][\/vc_row][vc_row kd_background_image_position=&#8221;vc_row-bg-position-top&#8221; el_class=&#8221;celr_text_rgpd&#8221;][vc_column][vc_column_text]<\/p>\n<p style=\"text-align: justify;\"><strong>1. Objeto<\/strong><\/p>\n<p style=\"text-align: justify;\">Estas condi\u00e7\u00f5es legais s\u00e3o estabelecidas pelo portal do Projeto Islandap Advanced da Universidade de Las Palmas de Gran Canaria, doravante Islandap Advanced, a fim de determinar os crit\u00e9rios e condi\u00e7\u00f5es de uso do site: https: \/\/ islandapadvanced.ulpgc.es .<\/p>\n<p style=\"text-align: justify;\"><strong>Dados do titular:<\/strong><\/p>\n<p style=\"text-align: justify;\">Islandap Advanced, disponibiliza os dados do dono deste site:<\/p>\n<ul style=\"text-align: justify;\">\n<li>Universidad de Las Palmas de Gran Canaria<\/li>\n<li>NIF: Q3518001G<\/li>\n<li>Domicilio en: Sede Institucional ULPGC. Calle Juan de Quesada, 30. Las Palmas de Gran Canaria (Espa\u00f1a).<\/li>\n<li>Tel\u00e9fono: (+34) 928 458 013<\/li>\n<li>Correo electr\u00f3nico: info@islandap.org<\/li>\n<\/ul>\n<p style=\"text-align: justify;\"><strong>2. Usu\u00e1rios<\/strong><\/p>\n<p style=\"text-align: justify;\">O acesso e \/ ou utiliza\u00e7\u00e3o do Portal atribui a quem o exerce a condi\u00e7\u00e3o de utilizador, aceitando-se, a partir desse momento, na \u00edntegra e sem reservas, o presente aviso legal -condi\u00e7\u00f5es gerais de utiliza\u00e7\u00e3o- bem como as sec\u00e7\u00f5es complementares que, no seu necess\u00e1rias, complementam, modificam ou substituem as Condi\u00e7\u00f5es Gerais em rela\u00e7\u00e3o a determinados servi\u00e7os e conte\u00fados do Portal.<\/p>\n<p style=\"text-align: justify;\"><strong>3. Utiliza\u00e7\u00e3o do site, seus servi\u00e7os e conte\u00fados.<\/strong><\/p>\n<p style=\"text-align: justify;\">O usu\u00e1rio concorda em utilizar o portal, seus servi\u00e7os e conte\u00fados sem violar a legisla\u00e7\u00e3o vigente, a boa-f\u00e9, os usos geralmente aceitos e a ordem p\u00fablica. Da mesma forma, \u00e9 proibido o uso do portal para fins il\u00edcitos ou prejudiciais contra a Islandap Advanced ou terceiros, ou que, de qualquer forma, possa causar danos ou impedir o funcionamento normal do portal.<\/p>\n<p style=\"text-align: justify;\">Em rela\u00e7\u00e3o aos conte\u00fados (informa\u00e7\u00f5es, textos, gr\u00e1ficos, arquivos de som e \/ ou imagem, fotografias, desenhos, etc.), \u00e9 proibido:<br \/>\nA sua reprodu\u00e7\u00e3o, distribui\u00e7\u00e3o ou modifica\u00e7\u00e3o, salvo autoriza\u00e7\u00e3o expressa por escrito dos leg\u00edtimos propriet\u00e1rios ou legalmente permitida.<\/p>\n<p style=\"text-align: justify;\">Qualquer viola\u00e7\u00e3o dos direitos da Islandap Advanced ou de seus leg\u00edtimos propriet\u00e1rios sobre eles.<\/p>\n<p style=\"text-align: justify;\">Seu uso para todos os tipos de fins comerciais ou publicit\u00e1rios, exceto os estritamente permitidos.<\/p>\n<p style=\"text-align: justify;\">Qualquer tentativa de obter o conte\u00fado do portal por quaisquer meios que n\u00e3o os disponibilizados aos usu\u00e1rios, bem como os habitualmente utilizados na rede, desde que n\u00e3o causem nenhum dano ao portal Islandap Advanced.<\/p>\n<p style=\"text-align: justify;\">Caso pretenda partilhar ou usufruir de algum dos nossos conte\u00fados, contacte os propriet\u00e1rios do site, atrav\u00e9s dos contactos disponibilizados.<\/p>\n<p style=\"text-align: justify;\"><strong>4. Responsabilidade do usu\u00e1rio por danos<\/strong><\/p>\n<p style=\"text-align: justify;\">A utiliza\u00e7\u00e3o do portal ser\u00e1 feita sob a responsabilidade \u00fanica e exclusiva do Utilizador. Esta responsabilidade estender-se-\u00e1 \u00e0 utiliza\u00e7\u00e3o, por parte do utilizador ou de terceiros, de qualquer palavra-passe ou similar atribu\u00edda para aceder ao portal ou a qualquer dos seus servi\u00e7os.<\/p>\n<p style=\"text-align: justify;\">N\u00e3o obstante o acima exposto, Islandap Advanced reserva-se o direito de negar o acesso ao portal a qualquer momento e sem aviso pr\u00e9vio aos usu\u00e1rios que violarem estas condi\u00e7\u00f5es gerais, ou as condi\u00e7\u00f5es particulares que se aplicam a eles em cada caso.<\/p>\n<p style=\"text-align: justify;\"><strong>5. Modifica\u00e7\u00e3o unilateral<\/strong><\/p>\n<p style=\"text-align: justify;\">A Islandap Advanced pode modificar unilateralmente e sem aviso pr\u00e9vio, sempre que julgar conveniente, a estrutura e desenho do portal, bem como modificar ou eliminar os servi\u00e7os, conte\u00fados e condi\u00e7\u00f5es de acesso e \/ ou utiliza\u00e7\u00e3o do portal.<\/p>\n<p style=\"text-align: justify;\">Caso as modifica\u00e7\u00f5es afetem os direitos dos usu\u00e1rios, estes ser\u00e3o informados antes da entrada em vigor das modifica\u00e7\u00f5es.<\/p>\n<p style=\"text-align: justify;\"><strong>6. Hyperlinks<\/strong><\/p>\n<p style=\"text-align: justify;\">Pessoas ou entidades que pretendam fazer ou fazer um hiperlink de uma p\u00e1gina da web de outro portal da internet para qualquer uma das p\u00e1ginas do portal Islandap Advanced devem estar sujeitas \u00e0s seguintes condi\u00e7\u00f5es:<\/p>\n<p style=\"text-align: justify;\">A reprodu\u00e7\u00e3o total ou parcial de qualquer um dos servi\u00e7os ou conte\u00fados do Portal Islandap Advanced n\u00e3o \u00e9 permitida.<\/p>\n<p style=\"text-align: justify;\">Nenhum link profundo, IMG ou links de imagem, ou frames com as p\u00e1ginas do Portal Islandap Advanced ser\u00e3o estabelecidos sem a autoriza\u00e7\u00e3o pr\u00e9via expressa do Islandap Advanced.<\/p>\n<p style=\"text-align: justify;\">Nenhuma declara\u00e7\u00e3o falsa, imprecisa ou incorreta ser\u00e1 inclu\u00edda nas p\u00e1ginas do Portal Islandap Advanced ou nos servi\u00e7os ou conte\u00fados do mesmo.<\/p>\n<p style=\"text-align: justify;\">Exceto para aqueles sinais que fazem parte do hiperlink, a p\u00e1gina da web em que est\u00e1 estabelecido n\u00e3o conter\u00e1 qualquer marca, nome comercial, etiqueta de estabelecimento, denomina\u00e7\u00e3o, logotipo, slogan ou outros sinais distintivos pertencentes \u00e0 Islandap Advanced, a menos que expressamente autorizado pelo \u00faltimo.El establecimiento del hiperenlace no implicar\u00e1 la existencia de relaciones entre Islandap Advanced y el titular de la p\u00e1gina web o del portal desde el cual se realice, ni el conocimiento y aceptaci\u00f3n Islandap Advanced de los servicios y contenidos ofrecidos en dicho portal.<\/p>\n<p style=\"text-align: justify;\">Islandap Advanced n\u00e3o ser\u00e1 respons\u00e1vel pelo conte\u00fado ou servi\u00e7os disponibilizados ao p\u00fablico no site ou portal a partir do qual o \u201chiperlink\u201d \u00e9 feito, nem pelas informa\u00e7\u00f5es e declara\u00e7\u00f5es nele inclu\u00eddas.<\/p>\n<p style=\"text-align: justify;\">Qualquer hiperlink para o Portal Islandap Advanced ser\u00e1 feito para a p\u00e1gina principal ou p\u00e1ginas das se\u00e7\u00f5es que ele cont\u00e9m.<\/p>\n<p style=\"text-align: justify;\">O portal Islandap Advanced disponibiliza aos usu\u00e1rios conex\u00f5es e links para outros sites gerenciados e controlados por terceiros. Esses links t\u00eam a fun\u00e7\u00e3o exclusiva de facilitar aos usu\u00e1rios a busca de informa\u00e7\u00f5es, conte\u00fados e servi\u00e7os na Internet, sem em nenhum caso serem considerados uma sugest\u00e3o, recomenda\u00e7\u00e3o ou convite para visit\u00e1-los. A Islandap Advanced n\u00e3o comercializa, dirige ou controla previamente ou endossa o conte\u00fado, servi\u00e7os, informa\u00e7\u00f5es e declara\u00e7\u00f5es dispon\u00edveis em tais sites.<\/p>\n<p style=\"text-align: justify;\">Islandap Advanced n\u00e3o assume qualquer tipo de responsabilidade, nem mesmo indireta ou subsidi\u00e1ria, por danos de qualquer natureza que possam surgir do acesso, manuten\u00e7\u00e3o, uso, qualidade, legalidade, confiabilidade e utilidade do conte\u00fado, informa\u00e7\u00f5es, comunica\u00e7\u00f5es, opini\u00f5es, declara\u00e7\u00f5es, produtos e servi\u00e7os existentes ou oferecidos em sites n\u00e3o gerenciados por Islandap Advanced e que podem ser acessados \u200b\u200batrav\u00e9s do portal Islandap Advanced.<\/p>\n<p style=\"text-align: justify;\"><strong>7. Prote\u00e7\u00e3o de dados pessoais<\/strong><\/p>\n<p style=\"text-align: justify;\">Em cumprimento ao artigo 5 da Lei Org\u00e2nica 15\/1999, sobre a Prote\u00e7\u00e3o de Dados Pessoais, informamos que a Islandap Advanced, coleta dados pessoais e informa\u00e7\u00f5es dos Usu\u00e1rios atrav\u00e9s de v\u00e1rias formas do portal, a fim de armazen\u00e1-los e \/ ou utilizar no desenvolvimento do relacionamento com o referido Usu\u00e1rio. Os dados fornecidos pelos usu\u00e1rios ser\u00e3o incorporados aos arquivos pertencentes \u00e0 Universidade de Las Palmas de Gran Canaria.<\/p>\n<p style=\"text-align: justify;\">Ao fornecer-nos os seus dados atrav\u00e9s de qualquer um dos meios de contacto que colocamos \u00e0 sua disposi\u00e7\u00e3o, est\u00e1 expressa e inequivocamente a par do tratamento dos seus dados pela Islandap Advanced; o objetivo do referido tratamento ser\u00e1:<\/p>\n<p style=\"text-align: justify;\">Gerencie e responda \u00e0s suas perguntas e solicita\u00e7\u00f5es.<\/p>\n<p style=\"text-align: justify;\">Enviar a voc\u00ea informa\u00e7\u00f5es sobre nossos servi\u00e7os, eventos, atividades e postagens no blog. Essas comunica\u00e7\u00f5es ser\u00e3o feitas por diversos meios de contato, inclusive eletr\u00f4nicos (correio, sms, mms, apps, etc.)<\/p>\n<p style=\"text-align: justify;\">Gerenciar sua inscri\u00e7\u00e3o e participa\u00e7\u00e3o em nossos concursos, cursos e outros eventos e atividades.<\/p>\n<p style=\"text-align: justify;\">Gerencie suas solicita\u00e7\u00f5es para obter nosso selo de qualidade.<\/p>\n<p style=\"text-align: justify;\">Nas caixas de contacto, assim como nos formul\u00e1rios de registo e \/ ou pedido de gest\u00e3o, dever\u00e1 preencher todos os dados assinalados como obrigat\u00f3rios, caso contr\u00e1rio n\u00e3o poderemos processar o seu pedido ou responder \u00e0 sua consulta. Evite incluir dados especialmente protegidos em campos de texto livre.<\/p>\n<p style=\"text-align: justify;\">A Islandap Advanced compromete-se a tratar os dados pessoais dos Usu\u00e1rios de acordo com as disposi\u00e7\u00f5es dos regulamentos aplic\u00e1veis \u200b\u200be, em particular:<\/p>\n<p style=\"text-align: justify;\">Tratar com confidencialidade os dados pessoais do Utilizador a que tenha acesso atrav\u00e9s da navega\u00e7\u00e3o no portal. No entanto, Islandap Advanced pode revelar os dados pessoais e quaisquer outras informa\u00e7\u00f5es do Usu\u00e1rio quando exigidos pelas autoridades p\u00fablicas no exerc\u00edcio das fun\u00e7\u00f5es que lhes s\u00e3o legitimamente atribu\u00eddas e de acordo com as disposi\u00e7\u00f5es legais aplic\u00e1veis.<\/p>\n<p style=\"text-align: justify;\">Adotar as medidas t\u00e9cnicas e organizacionais de seguran\u00e7a necess\u00e1rias para prevenir a altera\u00e7\u00e3o, perda e tratamento ou acesso n\u00e3o autorizado aos referidos dados.<\/p>\n<p style=\"text-align: justify;\">N\u00e3o obstante, devido \u00e0s atuais condi\u00e7\u00f5es de seguran\u00e7a na Internet, Islandap Advanced n\u00e3o pode garantir o uso il\u00edcito das informa\u00e7\u00f5es do usu\u00e1rio por terceiros. Consequentemente, o Islandap Advanced n\u00e3o garante ou assume qualquer responsabilidade por danos, de qualquer natureza, que possam surgir da altera\u00e7\u00e3o, perda, tratamento, acesso n\u00e3o autorizado ou uso ilegal das Informa\u00e7\u00f5es do Usu\u00e1rio por terceiros.<\/p>\n<p style=\"text-align: justify;\">O Usu\u00e1rio concorda em manter os dados fornecidos ao Gerenciador de Arquivos devidamente atualizados.<\/p>\n<p style=\"text-align: justify;\">O Usu\u00e1rio ser\u00e1 respons\u00e1vel pelos danos que a Islandap Advanced e \/ ou terceiros possam sofrer em decorr\u00eancia da falta de veracidade, inexatid\u00e3o, falta de validade e autenticidade dos dados fornecidos.<\/p>\n<p style=\"text-align: justify;\">Os consentimentos que voc\u00ea nos concede agora podem ser revogados a qualquer momento. Da mesma forma, voc\u00ea pode exercer os direitos de acesso, retifica\u00e7\u00e3o, cancelamento e oposi\u00e7\u00e3o reconhecidos pelo regulamento de prote\u00e7\u00e3o de dados, enviando seu pedido por escrito para o endere\u00e7o acima mencionado, ou para o e-mail info@islandap.org<\/p>\n<p style=\"text-align: justify;\">Voc\u00ea pode cancelar a assinatura de nosso servi\u00e7o de correspond\u00eancia informativa enviando um e-mail para info@islandap.org ou seguindo as indica\u00e7\u00f5es que aparecem no rodap\u00e9 de nossas newsletters.<\/p>\n<p style=\"text-align: justify;\">Independentemente do que esteja estabelecido nesta pol\u00edtica de privacidade, em cada um dos formul\u00e1rios relativos a atividades e eventos espec\u00edficos em que sejam recolhidos dados pessoais, o Utilizador receber\u00e1 informa\u00e7\u00e3o detalhada sobre todas as men\u00e7\u00f5es exigidas pela legisla\u00e7\u00e3o aplic\u00e1vel em mat\u00e9ria de protec\u00e7\u00e3o de dados pessoais , o que, em qualquer caso, deve ser expressamente aceito pelo Usu\u00e1rio.<\/p>\n<p style=\"text-align: justify;\"><strong>8. Dura\u00e7\u00e3o<\/strong><\/p>\n<p style=\"text-align: justify;\">A dura\u00e7\u00e3o da presta\u00e7\u00e3o do servi\u00e7o do portal e dos servi\u00e7os \u00e9 indefinida. N\u00e3o obstante o anterior, Islandap Advanced reserva-se o direito de interromper, suspender ou rescindir a presta\u00e7\u00e3o do servi\u00e7o do portal ou de qualquer dos servi\u00e7os que o integram, nos mesmos termos que est\u00e3o inclu\u00eddos na quarta condi\u00e7\u00e3o.<\/p>\n<p style=\"text-align: justify;\"><strong>9. Lei aplic\u00e1vel e jurisdi\u00e7\u00e3o competente<\/strong><\/p>\n<p style=\"text-align: justify;\">Estas regras s\u00e3o regidas pela lei espanhola.<\/p>\n<p style=\"text-align: justify;\">Consumidores e usu\u00e1rios: Em caso de controv\u00e9rsia, os Juizados e Tribunais que conhecer\u00e3o da mat\u00e9ria ser\u00e3o os previstos nas normas legais aplic\u00e1veis: o domic\u00edlio do comprador ou o local de cumprimento da obriga\u00e7\u00e3o.<\/p>\n<p style=\"text-align: justify;\">Profissionais ou empresas: Em caso de lit\u00edgio entre as partes, ambas, renunciando expressamente \u00e0 sua jurisdi\u00e7\u00e3o, submetem-se \u00e0 jurisdi\u00e7\u00e3o dos Tribunais e Tribunais de Las Palmas de Gran Canaria.<\/p>\n<p>[\/vc_column_text][\/vc_column][\/vc_row]<\/p>\n<\/div>","protected":false},"excerpt":{"rendered":"<p>[vc_row full_width=&#8221;stretch_row&#8221; parallax=&#8221;content-moving&#8221; parallax_speed_bg=&#8221;1.3&#8243; kd_background_image_position=&#8221;vc_row-bg-position-top&#8221; kd_bottom_separator_style=&#8221;waves&#8221; kd_bottom_separator_height=&#8221;separator-height-medium&#8221; kd_bottom_separator=&#8221;true&#8221; css=&#8221;.vc_custom_1627058615612{padding-top: 200px !important;padding-bottom: 200px !important;background-image: url(https:\/\/islandapadvanced.ulpgc.es\/wp-content\/uploads\/2021\/07\/cabecera14.jpg?id=10739) !important;}&#8221; el_class=&#8221;intro-section&#8221; css_mobile=&#8221;.vc_custom_1627058615615{padding-top: 100px !important;padding-bottom: 150px [&hellip;]<\/p>\n","protected":false},"author":2,"featured_media":0,"parent":0,"menu_order":0,"comment_status":"closed","ping_status":"closed","template":"","meta":{"_bbp_topic_count":0,"_bbp_reply_count":0,"_bbp_total_topic_count":0,"_bbp_total_reply_count":0,"_bbp_voice_count":0,"_bbp_anonymous_reply_count":0,"_bbp_topic_count_hidden":0,"_bbp_reply_count_hidden":0,"_bbp_forum_subforum_count":0,"footnotes":""},"acf":[],"yoast_head":"<!-- This site is optimized with the Yoast SEO plugin v21.9.1 - https:\/\/yoast.com\/wordpress\/plugins\/seo\/ -->\n<title>Aviso Legal - Islandap Advanced<\/title>\n<meta name=\"robots\" content=\"index, follow, max-snippet:-1, max-image-preview:large, max-video-preview:-1\" \/>\n<link rel=\"canonical\" href=\"https:\/\/islandapadvanced.ulpgc.es\/pt\/aviso-legal\/\" \/>\n<meta property=\"og:locale\" content=\"pt_PT\" \/>\n<meta property=\"og:type\" content=\"article\" \/>\n<meta property=\"og:title\" content=\"Aviso Legal - Islandap Advanced\" \/>\n<meta property=\"og:description\" content=\"[vc_row full_width=&#8221;stretch_row&#8221; parallax=&#8221;content-moving&#8221; parallax_speed_bg=&#8221;1.3&#8243; kd_background_image_position=&#8221;vc_row-bg-position-top&#8221; kd_bottom_separator_style=&#8221;waves&#8221; kd_bottom_separator_height=&#8221;separator-height-medium&#8221; kd_bottom_separator=&#8221;true&#8221; css=&#8221;.vc_custom_1627058615612{padding-top: 200px !important;padding-bottom: 200px !important;background-image: url(https:\/\/islandapadvanced.ulpgc.es\/wp-content\/uploads\/2021\/07\/cabecera14.jpg?id=10739) !important;}&#8221; el_class=&#8221;intro-section&#8221; css_mobile=&#8221;.vc_custom_1627058615615{padding-top: 100px !important;padding-bottom: 150px [&hellip;]\" \/>\n<meta property=\"og:url\" content=\"https:\/\/islandapadvanced.ulpgc.es\/aviso-legal\/\" \/>\n<meta property=\"og:site_name\" content=\"Islandap Advanced\" \/>\n<meta property=\"article:modified_time\" content=\"2021-10-08T07:33:15+00:00\" \/>\n<meta name=\"twitter:card\" content=\"summary_large_image\" \/>\n<meta name=\"twitter:label1\" content=\"Tempo estimado de leitura\" \/>\n\t<meta name=\"twitter:data1\" content=\"29 minutos\" \/>\n<script type=\"application\/ld+json\" class=\"yoast-schema-graph\">{\"@context\":\"https:\/\/schema.org\",\"@graph\":[{\"@type\":\"WebPage\",\"@id\":\"https:\/\/islandapadvanced.ulpgc.es\/aviso-legal\/\",\"url\":\"https:\/\/islandapadvanced.ulpgc.es\/aviso-legal\/\",\"name\":\"Aviso Legal - Islandap Advanced\",\"isPartOf\":{\"@id\":\"https:\/\/islandapadvanced.ulpgc.es\/#website\"},\"datePublished\":\"2021-09-30T14:24:56+00:00\",\"dateModified\":\"2021-10-08T07:33:15+00:00\",\"breadcrumb\":{\"@id\":\"https:\/\/islandapadvanced.ulpgc.es\/aviso-legal\/#breadcrumb\"},\"inLanguage\":\"pt-PT\",\"potentialAction\":[{\"@type\":\"ReadAction\",\"target\":[\"https:\/\/islandapadvanced.ulpgc.es\/aviso-legal\/\"]}]},{\"@type\":\"BreadcrumbList\",\"@id\":\"https:\/\/islandapadvanced.ulpgc.es\/aviso-legal\/#breadcrumb\",\"itemListElement\":[{\"@type\":\"ListItem\",\"position\":1,\"name\":\"Portada\",\"item\":\"https:\/\/islandapadvanced.ulpgc.es\/\"},{\"@type\":\"ListItem\",\"position\":2,\"name\":\"Aviso Legal\"}]},{\"@type\":\"WebSite\",\"@id\":\"https:\/\/islandapadvanced.ulpgc.es\/#website\",\"url\":\"https:\/\/islandapadvanced.ulpgc.es\/\",\"name\":\"Islandap Advanced\",\"description\":\"R+D+i Towards Aquaponic Development in the Up Islands and the Circular Economy\",\"publisher\":{\"@id\":\"https:\/\/islandapadvanced.ulpgc.es\/#organization\"},\"potentialAction\":[{\"@type\":\"SearchAction\",\"target\":{\"@type\":\"EntryPoint\",\"urlTemplate\":\"https:\/\/islandapadvanced.ulpgc.es\/?s={search_term_string}\"},\"query-input\":\"required name=search_term_string\"}],\"inLanguage\":\"pt-PT\"},{\"@type\":\"Organization\",\"@id\":\"https:\/\/islandapadvanced.ulpgc.es\/#organization\",\"name\":\"Proyecto Islandap Advanced de la Universidad de Las Palmas de Gran Canaria\",\"url\":\"https:\/\/islandapadvanced.ulpgc.es\/\",\"logo\":{\"@type\":\"ImageObject\",\"inLanguage\":\"pt-PT\",\"@id\":\"https:\/\/islandapadvanced.ulpgc.es\/#\/schema\/logo\/image\/\",\"url\":\"https:\/\/islandapadvanced.ulpgc.es\/wp-content\/uploads\/2021\/07\/logo_islandap_advanced.svg\",\"contentUrl\":\"https:\/\/islandapadvanced.ulpgc.es\/wp-content\/uploads\/2021\/07\/logo_islandap_advanced.svg\",\"width\":1,\"height\":1,\"caption\":\"Proyecto Islandap Advanced de la Universidad de Las Palmas de Gran Canaria\"},\"image\":{\"@id\":\"https:\/\/islandapadvanced.ulpgc.es\/#\/schema\/logo\/image\/\"}}]}<\/script>\n<!-- \/ Yoast SEO plugin. -->","yoast_head_json":{"title":"Aviso Legal - Islandap Advanced","robots":{"index":"index","follow":"follow","max-snippet":"max-snippet:-1","max-image-preview":"max-image-preview:large","max-video-preview":"max-video-preview:-1"},"canonical":"https:\/\/islandapadvanced.ulpgc.es\/pt\/aviso-legal\/","og_locale":"pt_PT","og_type":"article","og_title":"Aviso Legal - Islandap Advanced","og_description":"[vc_row full_width=&#8221;stretch_row&#8221; parallax=&#8221;content-moving&#8221; parallax_speed_bg=&#8221;1.3&#8243; kd_background_image_position=&#8221;vc_row-bg-position-top&#8221; kd_bottom_separator_style=&#8221;waves&#8221; kd_bottom_separator_height=&#8221;separator-height-medium&#8221; kd_bottom_separator=&#8221;true&#8221; css=&#8221;.vc_custom_1627058615612{padding-top: 200px !important;padding-bottom: 200px !important;background-image: url(https:\/\/islandapadvanced.ulpgc.es\/wp-content\/uploads\/2021\/07\/cabecera14.jpg?id=10739) !important;}&#8221; el_class=&#8221;intro-section&#8221; css_mobile=&#8221;.vc_custom_1627058615615{padding-top: 100px !important;padding-bottom: 150px [&hellip;]","og_url":"https:\/\/islandapadvanced.ulpgc.es\/aviso-legal\/","og_site_name":"Islandap Advanced","article_modified_time":"2021-10-08T07:33:15+00:00","twitter_card":"summary_large_image","twitter_misc":{"Tempo estimado de leitura":"29 minutos"},"schema":{"@context":"https:\/\/schema.org","@graph":[{"@type":"WebPage","@id":"https:\/\/islandapadvanced.ulpgc.es\/aviso-legal\/","url":"https:\/\/islandapadvanced.ulpgc.es\/aviso-legal\/","name":"Aviso Legal - Islandap Advanced","isPartOf":{"@id":"https:\/\/islandapadvanced.ulpgc.es\/#website"},"datePublished":"2021-09-30T14:24:56+00:00","dateModified":"2021-10-08T07:33:15+00:00","breadcrumb":{"@id":"https:\/\/islandapadvanced.ulpgc.es\/aviso-legal\/#breadcrumb"},"inLanguage":"pt-PT","potentialAction":[{"@type":"ReadAction","target":["https:\/\/islandapadvanced.ulpgc.es\/aviso-legal\/"]}]},{"@type":"BreadcrumbList","@id":"https:\/\/islandapadvanced.ulpgc.es\/aviso-legal\/#breadcrumb","itemListElement":[{"@type":"ListItem","position":1,"name":"Portada","item":"https:\/\/islandapadvanced.ulpgc.es\/"},{"@type":"ListItem","position":2,"name":"Aviso Legal"}]},{"@type":"WebSite","@id":"https:\/\/islandapadvanced.ulpgc.es\/#website","url":"https:\/\/islandapadvanced.ulpgc.es\/","name":"Islandap Advanced","description":"R+D+i Towards Aquaponic Development in the Up Islands and the Circular Economy","publisher":{"@id":"https:\/\/islandapadvanced.ulpgc.es\/#organization"},"potentialAction":[{"@type":"SearchAction","target":{"@type":"EntryPoint","urlTemplate":"https:\/\/islandapadvanced.ulpgc.es\/?s={search_term_string}"},"query-input":"required name=search_term_string"}],"inLanguage":"pt-PT"},{"@type":"Organization","@id":"https:\/\/islandapadvanced.ulpgc.es\/#organization","name":"Proyecto Islandap Advanced de la Universidad de Las Palmas de Gran Canaria","url":"https:\/\/islandapadvanced.ulpgc.es\/","logo":{"@type":"ImageObject","inLanguage":"pt-PT","@id":"https:\/\/islandapadvanced.ulpgc.es\/#\/schema\/logo\/image\/","url":"https:\/\/islandapadvanced.ulpgc.es\/wp-content\/uploads\/2021\/07\/logo_islandap_advanced.svg","contentUrl":"https:\/\/islandapadvanced.ulpgc.es\/wp-content\/uploads\/2021\/07\/logo_islandap_advanced.svg","width":1,"height":1,"caption":"Proyecto Islandap Advanced de la Universidad de Las Palmas de Gran Canaria"},"image":{"@id":"https:\/\/islandapadvanced.ulpgc.es\/#\/schema\/logo\/image\/"}}]}},"_links":{"self":[{"href":"https:\/\/islandapadvanced.ulpgc.es\/pt\/wp-json\/wp\/v2\/pages\/11388"}],"collection":[{"href":"https:\/\/islandapadvanced.ulpgc.es\/pt\/wp-json\/wp\/v2\/pages"}],"about":[{"href":"https:\/\/islandapadvanced.ulpgc.es\/pt\/wp-json\/wp\/v2\/types\/page"}],"author":[{"embeddable":true,"href":"https:\/\/islandapadvanced.ulpgc.es\/pt\/wp-json\/wp\/v2\/users\/2"}],"replies":[{"embeddable":true,"href":"https:\/\/islandapadvanced.ulpgc.es\/pt\/wp-json\/wp\/v2\/comments?post=11388"}],"version-history":[{"count":5,"href":"https:\/\/islandapadvanced.ulpgc.es\/pt\/wp-json\/wp\/v2\/pages\/11388\/revisions"}],"predecessor-version":[{"id":11571,"href":"https:\/\/islandapadvanced.ulpgc.es\/pt\/wp-json\/wp\/v2\/pages\/11388\/revisions\/11571"}],"wp:attachment":[{"href":"https:\/\/islandapadvanced.ulpgc.es\/pt\/wp-json\/wp\/v2\/media?parent=11388"}],"curies":[{"name":"wp","href":"https:\/\/api.w.org\/{rel}","templated":true}]}}